{"id":2,"date":"2012-01-13T14:51:13","date_gmt":"2012-01-13T14:51:13","guid":{"rendered":"http:\/\/musicandmore.ro\/blog\/?page_id=2"},"modified":"2021-01-18T13:17:41","modified_gmt":"2021-01-18T13:17:41","slug":"despre-noi","status":"publish","type":"page","link":"https:\/\/musicandmore.ro\/blog\/despre-noi\/","title":{"rendered":"Despre Noi"},"content":{"rendered":"<p style=\"text-align: center;\">Bine a\u021bi venit la Tempo Music- destina\u021bia preferat\u0103 de mul\u021bi muzicieni pentru a-\u0219i procura instrumente muzicale, echipamente de sonorizare, lumini de scen\u0103 si accesorii.<\/p>\n<p style=\"text-align: center;\">Tempo Music a fost lansat \u00een 2006 de c\u0103tre SC Tempo Music Impex SRL \u0219i a devenit unul dintre cei mai aprecia\u021bi retaileri de instrumente muzicale \u0219i echipamente din Rom\u00e2nia, acum av\u00e2nd peste 50.000 de clien\u021bi \u00eenregistra\u021bi. Misiunea noastr\u0103 este simpl\u0103: vrem s\u0103 facem achizi\u021bionarea \u0219i de\u021binerea de instrumente muzicale \u0219i echipamente u\u0219oar\u0103 pentru toat\u0103 lumea, prin furnizarea de articole la pre\u021buri mici \u0219i servicii excelente.<\/p>\n<p>\u00a0<\/p>\n<p>\u00a0<\/p>\n\n\n<p><\/p>\n","protected":false},"excerpt":{"rendered":"<p>Bine a\u021bi venit la Tempo Music- destina\u021bia preferat\u0103 de mul\u021bi muzicieni pentru a-\u0219i procura instrumente muzicale, echipamente de sonorizare, lumini de scen\u0103 si accesorii. Tempo Music a fost lansat \u00een <a href=\"https:\/\/musicandmore.ro\/blog\/despre-noi\/\" class=\"more-link\">[&hellip;]<\/a><\/p>\n","protected":false},"author":259,"featured_media":0,"parent":0,"menu_order":0,"comment_status":"closed","ping_status":"open","template":"","meta":{"Layout":"","footnotes":""},"_links":{"self":[{"href":"https:\/\/musicandmore.ro\/blog\/wp-json\/wp\/v2\/pages\/2"}],"collection":[{"href":"https:\/\/musicandmore.ro\/blog\/wp-json\/wp\/v2\/pages"}],"about":[{"href":"https:\/\/musicandmore.ro\/blog\/wp-json\/wp\/v2\/types\/page"}],"author":[{"embeddable":true,"href":"https:\/\/musicandmore.ro\/blog\/wp-json\/wp\/v2\/users\/259"}],"replies":[{"embeddable":true,"href":"https:\/\/musicandmore.ro\/blog\/wp-json\/wp\/v2\/comments?post=2"}],"version-history":[{"count":15,"href":"https:\/\/musicandmore.ro\/blog\/wp-json\/wp\/v2\/pages\/2\/revisions"}],"predecessor-version":[{"id":3020,"href":"https:\/\/musicandmore.ro\/blog\/wp-json\/wp\/v2\/pages\/2\/revisions\/3020"}],"wp:attachment":[{"href":"https:\/\/musicandmore.ro\/blog\/wp-json\/wp\/v2\/media?parent=2"}],"curies":[{"name":"wp","href":"https:\/\/api.w.org\/{rel}","templated":true}]}}